{"id":151,"date":"2018-06-21T16:13:27","date_gmt":"2018-06-21T14:13:27","guid":{"rendered":"http:\/\/www.conceriam3.com\/?page_id=151"},"modified":"2019-12-11T09:38:06","modified_gmt":"2019-12-11T08:38:06","slug":"termini-di-utilizzo-privacy-policy-e-cookies-en","status":"publish","type":"page","link":"https:\/\/www.conceriam3.com\/en\/termini-di-utilizzo-privacy-policy-e-cookies-en\/","title":{"rendered":"Termini di utilizzo, Privacy Policy e Cookies"},"content":{"rendered":"<div class=\"wpb-content-wrapper\"><p>[vc_row css_animation=&#8221;&#8221; row_type=&#8221;row&#8221; use_row_as_full_screen_section=&#8221;no&#8221; type=&#8221;full_width&#8221; angled_section=&#8221;no&#8221; text_align=&#8221;left&#8221; background_image_as_pattern=&#8221;without_pattern&#8221;][vc_column][vc_empty_space height=&#8221;60px&#8221;][vc_row_inner row_type=&#8221;row&#8221; type=&#8221;grid&#8221; text_align=&#8221;left&#8221; css_animation=&#8221;&#8221;][vc_column_inner][vc_column_text]<\/p>\n<h1 style=\"text-align: center;\">Termini di utilizzo, privacy policy e cookies<\/h1>\n<p>[\/vc_column_text][vc_zigzag color=&#8221;custom&#8221; el_width=&#8221;10&#8243; el_border_width=&#8221;10&#8243; custom_color=&#8221;#004d7a&#8221; el_class=&#8221;sep-width&#8221;][vc_empty_space height=&#8221;40px&#8221;][vc_column_text]<\/p>\n<h3>INFORMAZIONI AI SENSI DELL\u2019ART. 7 DEL D.LGS 70\/2003<\/h3>\n<p>[\/vc_column_text][vc_column_text]Ai sensi dell\u2019art. 7 del d.lgs 70\/03 \u201cAttuazione della direttiva 2000\/31\/CE relativa a taluni aspetti giuridici dei servizi della societ\u00e0 dell&#8217;informazione nel mercato interno, con particolare riferimento al commercio elettronico\u201d si forniscono le seguenti notizie:<br \/>\na) Denominazione prestatore: M3 s.r.l.<br \/>\nb) Sede legale: Via dello sport, 2 &#8211; 36070 S. Pietro Mussolino (VI) &#8211; Italy<br \/>\nc) Contatti: +39 0444 687011<br \/>\nd) Partita Iva: 04243050244<br \/>\ne) Rea: VI &#8211; 390125[\/vc_column_text][vc_empty_space height=&#8221;30px&#8221;][vc_column_text]<\/p>\n<h3>DIRITTO D\u2019AUTORE E MARCHI<\/h3>\n<p>[\/vc_column_text][vc_column_text]Testi, immagini ed ogni altro contenuto multimediale presente sul sito \u00e8 di propriet\u00e0 del TITOLARE o allo stesso concesso in licenza.<br \/>\nTutti i segni distintivi utilizzati all\u2019interno del sito appartengono al TITOLARE ovvero ai rispettivi proprietari o licenziatari, che hanno concesso al TITOLARE il diritto di utilizzo, limitato alla pubblicazione degli stessi sul sito.<br \/>\nNessuna parte del sito (compresi testi, immagini ed ogni altro contenuto multimediale) pu\u00f2 essere riprodotta o ritrasmessa senza specifica autorizzazione scritta del TITOLARE, se non per uso personale non trasferibile. L\u2019utilizzo per qualsiasi fine non autorizzato \u00e8 espressamente vietato dalla legge.[\/vc_column_text][vc_empty_space height=&#8221;30px&#8221;][vc_column_text]<\/p>\n<h3>INFORMATIVA TRATTAMENTO DATI PERSONALI &#8211; ART. 13 D.LGS 196\/03<\/h3>\n<p>[\/vc_column_text][vc_column_text]I dati personali raccolti in questo sito ed ogni altra eventuale informazione a Lei associabile, direttamente od indirettamente, sono trattati ed utilizzati in conformit\u00e0 al Decreto Legislativo n.196\/2003 (&#8220;Codice in materia di protezione dei dati personali&#8221;).<br \/>\nAi sensi e per gli effetti dell&#8217;articolo 13 del Codice, IL TITOLARE La informa che i dati da Lei forniti sono trattati mediante strumenti e procedure informatiche, per le seguenti finalit\u00e0:<br \/>\n&#8211; rispondere ai quesiti da Lei formulati;<br \/>\n&#8211; tenere un data base delle domande, proposte, comunicazioni pi\u00f9 frequenti;<br \/>\n&#8211; iscriverla alla nostra newsletter (finalit\u00e0 valida solo per la pagina di iscrizione alla newsletter, previo consenso)<br \/>\n&#8211; gestione tecnica della navigazione (vedi anche la sezione \u201ctrattamento Cookies)<br \/>\nIl conferimento dei Dati di Registrazione ha natura obbligatorio e il mancato conferimento, anche parziale, dei dati indicati espressamente come necessari per il perseguimento delle finalit\u00e0 determiner\u00e0 l&#8217;impossibilit\u00e0 per IL TITOLARE di permettere una corretta navigazione ovvero di rispondere ai Suoi quesiti o erogarle i servizi.<br \/>\nIn ogni caso i dati non saranno mai diffusi.<br \/>\nIl titolare del trattamento \u00e8 il legale rappresentante. In ogni momento Lei potr\u00e0 esercitare i diritti che le spettano ai sensi dell&#8217;art. 7 del D.lgs.196\/2003 e che per Sua comodit\u00e0 riproduciamo integralmente:<br \/>\nArt. 7 &#8211; Diritto di accesso ai dati personali ed altri diritti<br \/>\nL&#8217;interessato ha diritto di ottenere la conferma dell&#8217;esistenza o meno di dati personali che lo riguardano, anche se non ancora registrati, e la loro comunicazione in forma intelligibile.<br \/>\nL&#8217;interessato ha diritto di ottenere l&#8217;indicazione:<br \/>\ndell&#8217;origine dei dati personali;<br \/>\ndelle finalit\u00e0 e modalit\u00e0 del trattamento;<br \/>\ndella logica applicata in caso di trattamento effettuato con l&#8217;ausilio di strumenti elettronici;<br \/>\ndegli estremi identificativi del titolare, dei responsabili e del rappresentante designato ai sensi dell&#8217;articolo 5, comma 2;<br \/>\ndei soggetti o delle categorie di soggetti ai quali i dati personali possono essere comunicati o che possono venirne a conoscenza in qualit\u00e0 di rappresentante designato nel territorio dello Stato, di responsabili o incaricati.<br \/>\nL&#8217;interessato ha diritto di ottenere:<br \/>\nl&#8217;aggiornamento, la rettificazione ovvero, quando vi ha interesse, l&#8217;integrazione dei dati;<br \/>\nla cancellazione, la trasformazione in forma anonima o il blocco dei dati trattati in violazione di legge, compresi quelli di cui non \u00e8 necessaria la conservazione in relazione agli scopi per i quali i dati sono stati raccolti o successivamente trattati;<br \/>\nl&#8217;attestazione che le operazioni di cui alle lettere a) e b) sono state portate a conoscenza, anche per quanto riguarda il loro contenuto, di coloro ai quali i dati sono stati comunicati o diffusi, eccettuato il caso in cui tale adempimento si rivela impossibile o comporta un impiego di mezzi manifestamente sproporzionato rispetto al diritto tutelato.<br \/>\nL&#8217;interessato ha diritto di opporsi, in tutto o in parte:<br \/>\nper motivi legittimi al trattamento dei dati personali che lo riguardano, ancorch\u00e9 pertinenti allo scopo della raccolta;<br \/>\nal trattamento di dati personali che lo riguardano a fini di invio di materiale pubblicitario o di vendita diretta o per il compimento di ricerche di mercato o di comunicazione commerciale.<br \/>\n[\/vc_column_text][vc_empty_space height=&#8221;30px&#8221;][vc_column_text]<\/p>\n<h3>INFORMATIVA SULL\u2019USO DEI COOKIES<\/h3>\n<p>[\/vc_column_text][vc_column_text]Il sito web, per un miglior funzionamento e per garantire servizi erogati da terze parti utilizza Cookies rilasciati dal TITOLARE o da terze parti.<br \/>\nI cookie rilasciati dal TITOLARE<br \/>\nI cookies rilasciati dal TITOLARE navigando in questo sito web sono \u201ctecnici\u201d e sono quelli utilizzati al solo fine di &#8220;effettuare la trasmissione di una comunicazione su una rete di comunicazione elettronica, o nella misura strettamente necessaria al fornitore di un servizio della societ\u00e0 dell&#8217;informazione esplicitamente richiesto dall&#8217;abbonato o dall&#8217;utente a erogare tale servizio&#8221; (cfr. art. 122, comma 1, del Codice). Essi non vengono utilizzati per scopi ulteriori, e vengono installati con la normale navigazione nelle nostre pagine. Possono essere suddivisi in cookie di navigazione o di sessione, che garantiscono la normale navigazione e fruizione del sito web (permettendo di realizzare un acquisto o autenticarsi per accedere ad aree riservate); cookie di funzionalit\u00e0, che permettono all&#8217;utente la navigazione in funzione di una serie di criteri selezionati (ad esempio, la lingua, i prodotti selezionati per l&#8217;acquisto ecc.) al fine di migliorare il servizio reso allo stesso. Per l&#8217;installazione di tali cookie non \u00e8 richiesto il preventivo consenso degli utenti, mentre resta fermo l&#8217;obbligo di dare la presente informativa ai sensi dell&#8217;art. 13 del Codice.<br \/>\nCookies di terze parti per finalit\u00e0 statistiche o tecniche<br \/>\nNel corso della navigazione sul sito, l&#8217;utente pu\u00f2 ricevere sul suo terminale anche cookie fornitori diversi (c.d. cookie di &#8220;terze parti&#8221;); ci\u00f2 accade perch\u00e9 sul sito web visitato possono essere presenti elementi che risiedono su server diversi da quello sul quale si trova la pagina richiesta.<br \/>\nIL TITOLARE usa cookies di terze solo per finalit\u00e0 tecniche, ad esempio cookies rilasciati per analizzare statisticamente gli accessi\/le visite al sito (cookie cosiddetti &#8220;analytics&#8221;) o per permettere l\u2019utilizzo di parti di codice rilasciate da soggetti terzi, che garantiscono un miglior uso del servizio (autenticazioni, pagine di amministrazione ecc.)<br \/>\nI cookies di terze parti utilizzati in questo sito e le modalit\u00e0 per gestire l\u2019opt out (la disattivazione dei medesimi) sono di seguito indicati:<br \/>\n&#8211; Google Analytics: servizio di analisi del traffico web fornito da Google, Inc. (\u201cGoogle\u201d). Tali cookie sono usati al solo fine di monitorare e migliorare le prestazioni del sito. Per ulteriori informazioni, si rinvia al link di seguito indicato: https:\/\/www.google.it\/policies\/privacy\/partners\/<br \/>\nL&#8217;utente pu\u00f2 disabilitare in modo selettivo l&#8217;azione di Google Analytics installando sul proprio browser la componente di opt-out fornito da Google. Per disabilitare l&#8217;azione di Google Analytics, si rinvia al link di seguito indicato: https:\/\/tools.google.com\/dlpage\/gaoptout<br \/>\n&#8211; XXXXXX Per ulteriori informazioni, si rinvia al link di seguito indicato: XXXX<br \/>\n&#8211; XXXXXX Per ulteriori informazioni, si rinvia al link di seguito indicato: XXXX<\/p>\n<p>Il presente sito non utilizza cookies propri o di terze parti per finalit\u00e0 di profilazione e pubblicit\u00e0.<br \/>\n[\/vc_column_text][\/vc_column_inner][\/vc_row_inner][vc_empty_space height=&#8221;60px&#8221;][\/vc_column][\/vc_row]<\/p>\n<\/div>","protected":false},"excerpt":{"rendered":"<p>[vc_row css_animation=&#8221;&#8221; row_type=&#8221;row&#8221; use_row_as_full_screen_section=&#8221;no&#8221; type=&#8221;full_width&#8221; angled_section=&#8221;no&#8221; text_align=&#8221;left&#8221; background_image_as_pattern=&#8221;without_pattern&#8221;][vc_column][vc_empty_space height=&#8221;60px&#8221;][vc_row_inner row_type=&#8221;row&#8221; type=&#8221;grid&#8221; text_align=&#8221;left&#8221; css_animation=&#8221;&#8221;][vc_column_inner][vc_column_text] Termini di utilizzo, privacy policy e cookies [\/vc_column_text][vc_zigzag color=&#8221;custom&#8221; el_width=&#8221;10&#8243; el_border_width=&#8221;10&#8243; custom_color=&#8221;#004d7a&#8221; el_class=&#8221;sep-width&#8221;][vc_empty_space height=&#8221;40px&#8221;][vc_column_text] INFORMAZIONI AI SENSI DELL\u2019ART. 7 DEL D.LGS 70\/2003 [\/vc_column_text][vc_column_text]Ai sensi dell\u2019art. 7 del d.lgs 70\/03 \u201cAttuazione della direttiva&#8230;<\/p>\n","protected":false},"author":2,"featured_media":0,"parent":0,"menu_order":0,"comment_status":"closed","ping_status":"closed","template":"","meta":{"inline_featured_image":false,"footnotes":""},"class_list":["post-151","page","type-page","status-publish","hentry"],"yoast_head":"<!-- This site is optimized with the Yoast SEO plugin v27.3 - https:\/\/yoast.com\/product\/yoast-seo-wordpress\/ -->\n<title>Termini di utilizzo, Privacy Policy e Cookies | Conceria M3<\/title>\n<meta name=\"robots\" content=\"index, follow, max-snippet:-1, max-image-preview:large, max-video-preview:-1\" \/>\n<link rel=\"canonical\" href=\"https:\/\/www.conceriam3.com\/en\/termini-di-utilizzo-privacy-policy-e-cookies-en\/\" \/>\n<meta property=\"og:locale\" content=\"en_US\" \/>\n<meta property=\"og:type\" content=\"article\" \/>\n<meta property=\"og:title\" content=\"Termini di utilizzo, Privacy Policy e Cookies | Conceria M3\" \/>\n<meta property=\"og:description\" content=\"[vc_row css_animation=&#8221;&#8221; row_type=&#8221;row&#8221; use_row_as_full_screen_section=&#8221;no&#8221; type=&#8221;full_width&#8221; angled_section=&#8221;no&#8221; text_align=&#8221;left&#8221; background_image_as_pattern=&#8221;without_pattern&#8221;][vc_column][vc_empty_space height=&#8221;60px&#8221;][vc_row_inner row_type=&#8221;row&#8221; type=&#8221;grid&#8221; text_align=&#8221;left&#8221; css_animation=&#8221;&#8221;][vc_column_inner][vc_column_text] Termini di utilizzo, privacy policy e cookies [\/vc_column_text][vc_zigzag color=&#8221;custom&#8221; el_width=&#8221;10&#8243; el_border_width=&#8221;10&#8243; custom_color=&#8221;#004d7a&#8221; el_class=&#8221;sep-width&#8221;][vc_empty_space height=&#8221;40px&#8221;][vc_column_text] INFORMAZIONI AI SENSI DELL\u2019ART. 7 DEL D.LGS 70\/2003 [\/vc_column_text][vc_column_text]Ai sensi dell\u2019art. 7 del d.lgs 70\/03 \u201cAttuazione della direttiva...\" \/>\n<meta property=\"og:url\" content=\"https:\/\/www.conceriam3.com\/en\/termini-di-utilizzo-privacy-policy-e-cookies-en\/\" \/>\n<meta property=\"og:site_name\" content=\"Conceria M3\" \/>\n<meta property=\"article:modified_time\" content=\"2019-12-11T08:38:06+00:00\" \/>\n<meta name=\"twitter:card\" content=\"summary_large_image\" \/>\n<meta name=\"twitter:label1\" content=\"Est. reading time\" \/>\n\t<meta name=\"twitter:data1\" content=\"6 minutes\" \/>\n<script type=\"application\/ld+json\" class=\"yoast-schema-graph\">{\"@context\":\"https:\\\/\\\/schema.org\",\"@graph\":[{\"@type\":\"WebPage\",\"@id\":\"https:\\\/\\\/www.conceriam3.com\\\/en\\\/termini-di-utilizzo-privacy-policy-e-cookies-en\\\/\",\"url\":\"https:\\\/\\\/www.conceriam3.com\\\/en\\\/termini-di-utilizzo-privacy-policy-e-cookies-en\\\/\",\"name\":\"Termini di utilizzo, Privacy Policy e Cookies | Conceria M3\",\"isPartOf\":{\"@id\":\"https:\\\/\\\/www.conceriam3.com\\\/#website\"},\"datePublished\":\"2018-06-21T14:13:27+00:00\",\"dateModified\":\"2019-12-11T08:38:06+00:00\",\"breadcrumb\":{\"@id\":\"https:\\\/\\\/www.conceriam3.com\\\/en\\\/termini-di-utilizzo-privacy-policy-e-cookies-en\\\/#breadcrumb\"},\"inLanguage\":\"en-US\",\"potentialAction\":[{\"@type\":\"ReadAction\",\"target\":[\"https:\\\/\\\/www.conceriam3.com\\\/en\\\/termini-di-utilizzo-privacy-policy-e-cookies-en\\\/\"]}]},{\"@type\":\"BreadcrumbList\",\"@id\":\"https:\\\/\\\/www.conceriam3.com\\\/en\\\/termini-di-utilizzo-privacy-policy-e-cookies-en\\\/#breadcrumb\",\"itemListElement\":[{\"@type\":\"ListItem\",\"position\":1,\"name\":\"Home\",\"item\":\"https:\\\/\\\/www.conceriam3.com\\\/en\\\/\"},{\"@type\":\"ListItem\",\"position\":2,\"name\":\"Termini di utilizzo, Privacy Policy e Cookies\"}]},{\"@type\":\"WebSite\",\"@id\":\"https:\\\/\\\/www.conceriam3.com\\\/#website\",\"url\":\"https:\\\/\\\/www.conceriam3.com\\\/\",\"name\":\"Conceria M3\",\"description\":\"Croste per Calzatura a Vicenza\",\"publisher\":{\"@id\":\"https:\\\/\\\/www.conceriam3.com\\\/#organization\"},\"potentialAction\":[{\"@type\":\"SearchAction\",\"target\":{\"@type\":\"EntryPoint\",\"urlTemplate\":\"https:\\\/\\\/www.conceriam3.com\\\/?s={search_term_string}\"},\"query-input\":{\"@type\":\"PropertyValueSpecification\",\"valueRequired\":true,\"valueName\":\"search_term_string\"}}],\"inLanguage\":\"en-US\"},{\"@type\":\"Organization\",\"@id\":\"https:\\\/\\\/www.conceriam3.com\\\/#organization\",\"name\":\"Conceria M3\",\"url\":\"https:\\\/\\\/www.conceriam3.com\\\/\",\"logo\":{\"@type\":\"ImageObject\",\"inLanguage\":\"en-US\",\"@id\":\"https:\\\/\\\/www.conceriam3.com\\\/#\\\/schema\\\/logo\\\/image\\\/\",\"url\":\"https:\\\/\\\/www.conceriam3.com\\\/wp-content\\\/uploads\\\/2019\\\/12\\\/logo-M3-srl.png\",\"contentUrl\":\"https:\\\/\\\/www.conceriam3.com\\\/wp-content\\\/uploads\\\/2019\\\/12\\\/logo-M3-srl.png\",\"width\":260,\"height\":187,\"caption\":\"Conceria M3\"},\"image\":{\"@id\":\"https:\\\/\\\/www.conceriam3.com\\\/#\\\/schema\\\/logo\\\/image\\\/\"}}]}<\/script>\n<!-- \/ Yoast SEO plugin. -->","yoast_head_json":{"title":"Termini di utilizzo, Privacy Policy e Cookies | Conceria M3","robots":{"index":"index","follow":"follow","max-snippet":"max-snippet:-1","max-image-preview":"max-image-preview:large","max-video-preview":"max-video-preview:-1"},"canonical":"https:\/\/www.conceriam3.com\/en\/termini-di-utilizzo-privacy-policy-e-cookies-en\/","og_locale":"en_US","og_type":"article","og_title":"Termini di utilizzo, Privacy Policy e Cookies | Conceria M3","og_description":"[vc_row css_animation=&#8221;&#8221; row_type=&#8221;row&#8221; use_row_as_full_screen_section=&#8221;no&#8221; type=&#8221;full_width&#8221; angled_section=&#8221;no&#8221; text_align=&#8221;left&#8221; background_image_as_pattern=&#8221;without_pattern&#8221;][vc_column][vc_empty_space height=&#8221;60px&#8221;][vc_row_inner row_type=&#8221;row&#8221; type=&#8221;grid&#8221; text_align=&#8221;left&#8221; css_animation=&#8221;&#8221;][vc_column_inner][vc_column_text] Termini di utilizzo, privacy policy e cookies [\/vc_column_text][vc_zigzag color=&#8221;custom&#8221; el_width=&#8221;10&#8243; el_border_width=&#8221;10&#8243; custom_color=&#8221;#004d7a&#8221; el_class=&#8221;sep-width&#8221;][vc_empty_space height=&#8221;40px&#8221;][vc_column_text] INFORMAZIONI AI SENSI DELL\u2019ART. 7 DEL D.LGS 70\/2003 [\/vc_column_text][vc_column_text]Ai sensi dell\u2019art. 7 del d.lgs 70\/03 \u201cAttuazione della direttiva...","og_url":"https:\/\/www.conceriam3.com\/en\/termini-di-utilizzo-privacy-policy-e-cookies-en\/","og_site_name":"Conceria M3","article_modified_time":"2019-12-11T08:38:06+00:00","twitter_card":"summary_large_image","twitter_misc":{"Est. reading time":"6 minutes"},"schema":{"@context":"https:\/\/schema.org","@graph":[{"@type":"WebPage","@id":"https:\/\/www.conceriam3.com\/en\/termini-di-utilizzo-privacy-policy-e-cookies-en\/","url":"https:\/\/www.conceriam3.com\/en\/termini-di-utilizzo-privacy-policy-e-cookies-en\/","name":"Termini di utilizzo, Privacy Policy e Cookies | Conceria M3","isPartOf":{"@id":"https:\/\/www.conceriam3.com\/#website"},"datePublished":"2018-06-21T14:13:27+00:00","dateModified":"2019-12-11T08:38:06+00:00","breadcrumb":{"@id":"https:\/\/www.conceriam3.com\/en\/termini-di-utilizzo-privacy-policy-e-cookies-en\/#breadcrumb"},"inLanguage":"en-US","potentialAction":[{"@type":"ReadAction","target":["https:\/\/www.conceriam3.com\/en\/termini-di-utilizzo-privacy-policy-e-cookies-en\/"]}]},{"@type":"BreadcrumbList","@id":"https:\/\/www.conceriam3.com\/en\/termini-di-utilizzo-privacy-policy-e-cookies-en\/#breadcrumb","itemListElement":[{"@type":"ListItem","position":1,"name":"Home","item":"https:\/\/www.conceriam3.com\/en\/"},{"@type":"ListItem","position":2,"name":"Termini di utilizzo, Privacy Policy e Cookies"}]},{"@type":"WebSite","@id":"https:\/\/www.conceriam3.com\/#website","url":"https:\/\/www.conceriam3.com\/","name":"Conceria M3","description":"Croste per Calzatura a Vicenza","publisher":{"@id":"https:\/\/www.conceriam3.com\/#organization"},"potentialAction":[{"@type":"SearchAction","target":{"@type":"EntryPoint","urlTemplate":"https:\/\/www.conceriam3.com\/?s={search_term_string}"},"query-input":{"@type":"PropertyValueSpecification","valueRequired":true,"valueName":"search_term_string"}}],"inLanguage":"en-US"},{"@type":"Organization","@id":"https:\/\/www.conceriam3.com\/#organization","name":"Conceria M3","url":"https:\/\/www.conceriam3.com\/","logo":{"@type":"ImageObject","inLanguage":"en-US","@id":"https:\/\/www.conceriam3.com\/#\/schema\/logo\/image\/","url":"https:\/\/www.conceriam3.com\/wp-content\/uploads\/2019\/12\/logo-M3-srl.png","contentUrl":"https:\/\/www.conceriam3.com\/wp-content\/uploads\/2019\/12\/logo-M3-srl.png","width":260,"height":187,"caption":"Conceria M3"},"image":{"@id":"https:\/\/www.conceriam3.com\/#\/schema\/logo\/image\/"}}]}},"_links":{"self":[{"href":"https:\/\/www.conceriam3.com\/en\/wp-json\/wp\/v2\/pages\/151","targetHints":{"allow":["GET"]}}],"collection":[{"href":"https:\/\/www.conceriam3.com\/en\/wp-json\/wp\/v2\/pages"}],"about":[{"href":"https:\/\/www.conceriam3.com\/en\/wp-json\/wp\/v2\/types\/page"}],"author":[{"embeddable":true,"href":"https:\/\/www.conceriam3.com\/en\/wp-json\/wp\/v2\/users\/2"}],"replies":[{"embeddable":true,"href":"https:\/\/www.conceriam3.com\/en\/wp-json\/wp\/v2\/comments?post=151"}],"version-history":[{"count":1,"href":"https:\/\/www.conceriam3.com\/en\/wp-json\/wp\/v2\/pages\/151\/revisions"}],"predecessor-version":[{"id":217,"href":"https:\/\/www.conceriam3.com\/en\/wp-json\/wp\/v2\/pages\/151\/revisions\/217"}],"wp:attachment":[{"href":"https:\/\/www.conceriam3.com\/en\/wp-json\/wp\/v2\/media?parent=151"}],"curies":[{"name":"wp","href":"https:\/\/api.w.org\/{rel}","templated":true}]}}